{"id":537,"date":"2025-11-09T19:29:04","date_gmt":"2025-11-09T19:29:04","guid":{"rendered":"https:\/\/reiten-am-jakobushof.de\/?page_id=537"},"modified":"2025-11-17T20:48:19","modified_gmt":"2025-11-17T20:48:19","slug":"reiten-am-jakobushof","status":"publish","type":"page","link":"https:\/\/reiten-am-jakobushof.de\/","title":{"rendered":"Reiten am Jakobushof"},"content":{"rendered":"\t\t<div data-elementor-type=\"wp-page\" data-elementor-id=\"537\" class=\"elementor elementor-537\" data-elementor-post-type=\"page\">\n\t\t\t\t<div class=\"elementor-element elementor-element-1078c77 e-flex e-con-boxed e-con e-parent\" data-id=\"1078c77\" data-element_type=\"container\" data-e-type=\"container\">\n\t\t\t\t\t<div class=\"e-con-inner\">\n\t\t\t\t<div class=\"elementor-element elementor-element-b92feb3 elementor-widget elementor-widget-image\" data-id=\"b92feb3\" data-element_type=\"widget\" data-e-type=\"widget\" data-widget_type=\"image.default\">\n\t\t\t\t<div class=\"elementor-widget-container\">\n\t\t\t\t\t\t\t\t\t\t\t\t\t\t\t<img fetchpriority=\"high\" decoding=\"async\" width=\"800\" height=\"566\" src=\"https:\/\/reiten-am-jakobushof.de\/wp-content\/uploads\/2024\/11\/image-1024x724.jpeg\" class=\"attachment-large size-large wp-image-36\" alt=\"\" srcset=\"https:\/\/reiten-am-jakobushof.de\/wp-content\/uploads\/2024\/11\/image-1024x724.jpeg 1024w, https:\/\/reiten-am-jakobushof.de\/wp-content\/uploads\/2024\/11\/image-300x212.jpeg 300w, https:\/\/reiten-am-jakobushof.de\/wp-content\/uploads\/2024\/11\/image-768x543.jpeg 768w, https:\/\/reiten-am-jakobushof.de\/wp-content\/uploads\/2024\/11\/image.jpeg 1280w\" sizes=\"(max-width: 800px) 100vw, 800px\" \/>\t\t\t\t\t\t\t\t\t\t\t\t\t\t\t<\/div>\n\t\t\t\t<\/div>\n\t\t\t\t\t<\/div>\n\t\t\t\t<\/div>\n\t\t<div class=\"elementor-element elementor-element-54ea55ee e-con-full e-flex e-con e-parent\" data-id=\"54ea55ee\" data-element_type=\"container\" data-e-type=\"container\">\n\t\t<div class=\"elementor-element elementor-element-7a726255 e-con-full e-flex e-con e-child\" data-id=\"7a726255\" data-element_type=\"container\" data-e-type=\"container\">\n\t\t\t\t<div class=\"elementor-element elementor-element-52c72730 elementor-widget__width-auto elementor-widget-mobile__width-inherit elementor-widget elementor-widget-heading\" data-id=\"52c72730\" data-element_type=\"widget\" data-e-type=\"widget\" data-widget_type=\"heading.default\">\n\t\t\t\t<div class=\"elementor-widget-container\">\n\t\t\t\t\t<h3 class=\"elementor-heading-title elementor-size-default\">Reitp\u00e4dagogik &amp; Reitunterricht <\/h3>\t\t\t\t<\/div>\n\t\t\t\t<\/div>\n\t\t\t\t<\/div>\n\t\t<div class=\"elementor-element elementor-element-986a986 e-con-full e-flex e-con e-child\" data-id=\"986a986\" data-element_type=\"container\" data-e-type=\"container\">\n\t\t<div class=\"elementor-element elementor-element-1b88641c e-con-full e-flex e-con e-child\" data-id=\"1b88641c\" data-element_type=\"container\" data-e-type=\"container\">\n\t\t\t\t<div class=\"elementor-element elementor-element-136bd6c5 elementor-widget elementor-widget-image\" data-id=\"136bd6c5\" data-element_type=\"widget\" data-e-type=\"widget\" data-widget_type=\"image.default\">\n\t\t\t\t<div class=\"elementor-widget-container\">\n\t\t\t\t\t\t\t\t\t\t\t\t\t\t\t<img decoding=\"async\" src=\"https:\/\/reiten-am-jakobushof.de\/wp-content\/uploads\/elementor\/thumbs\/WhatsApp-Image-2025-03-13-at-15.51.07-r4q2gsl8oexbsj8ol3bp73b1nr305919ohiuu9t4t8.jpeg\" title=\"Reitunterricht Western &#038; Englisch\" alt=\"Reitunterricht Western &amp; Englisch\" loading=\"lazy\" \/>\t\t\t\t\t\t\t\t\t\t\t\t\t\t\t<\/div>\n\t\t\t\t<\/div>\n\t\t\t\t<div class=\"elementor-element elementor-element-672f8b9 elementor-invisible elementor-widget elementor-widget-image-box\" data-id=\"672f8b9\" data-element_type=\"widget\" data-e-type=\"widget\" data-settings=\"{&quot;_animation&quot;:&quot;fadeIn&quot;}\" data-widget_type=\"image-box.default\">\n\t\t\t\t<div class=\"elementor-widget-container\">\n\t\t\t\t\t<div class=\"elementor-image-box-wrapper\"><div class=\"elementor-image-box-content\"><h4 class=\"elementor-image-box-title\">Reitunterricht Western &amp; Englisch<\/h4><p class=\"elementor-image-box-description\">alle Altersklassen - Einzelunterricht oder Gruppenunterricht - w\u00f6chentliche feste Reitgruppen je nach Erfahrung - mobiler Reitunterricht\n- Onlineunterricht<\/p><\/div><\/div>\t\t\t\t<\/div>\n\t\t\t\t<\/div>\n\t\t\t\t<div class=\"elementor-element elementor-element-2c88d6fe elementor-widget__width-auto elementor-mobile-align-center elementor-widget-mobile__width-inherit elementor-align-center elementor-widget elementor-widget-button\" data-id=\"2c88d6fe\" data-element_type=\"widget\" data-e-type=\"widget\" data-widget_type=\"button.default\">\n\t\t\t\t<div class=\"elementor-widget-container\">\n\t\t\t\t\t\t\t\t\t<div class=\"elementor-button-wrapper\">\n\t\t\t\t\t<a class=\"elementor-button elementor-button-link elementor-size-sm\" href=\"https:\/\/reiten-am-jakobushof.de\/?page_id=263\">\n\t\t\t\t\t\t<span class=\"elementor-button-content-wrapper\">\n\t\t\t\t\t\t\t\t\t<span class=\"elementor-button-text\">mehr Infos zu unserem Reitunterricht<\/span>\n\t\t\t\t\t<\/span>\n\t\t\t\t\t<\/a>\n\t\t\t\t<\/div>\n\t\t\t\t\t\t\t\t<\/div>\n\t\t\t\t<\/div>\n\t\t\t\t<\/div>\n\t\t<div class=\"elementor-element elementor-element-3cb615f e-con-full e-flex e-con e-child\" data-id=\"3cb615f\" data-element_type=\"container\" data-e-type=\"container\">\n\t\t\t\t<div class=\"elementor-element elementor-element-2fc9dcc5 elementor-widget elementor-widget-image\" data-id=\"2fc9dcc5\" data-element_type=\"widget\" data-e-type=\"widget\" data-widget_type=\"image.default\">\n\t\t\t\t<div class=\"elementor-widget-container\">\n\t\t\t\t\t\t\t\t\t\t\t\t\t\t\t<img decoding=\"async\" src=\"https:\/\/reiten-am-jakobushof.de\/wp-content\/uploads\/elementor\/thumbs\/Madleen-harry-r4q2hxy514hxzdklvl7a8svbspf5jxlgi687yg3t7g.jpeg\" title=\"Madleen harry\" alt=\"Madleen harry\" loading=\"lazy\" \/>\t\t\t\t\t\t\t\t\t\t\t\t\t\t\t<\/div>\n\t\t\t\t<\/div>\n\t\t\t\t<div class=\"elementor-element elementor-element-65729beb elementor-invisible elementor-widget elementor-widget-image-box\" data-id=\"65729beb\" data-element_type=\"widget\" data-e-type=\"widget\" data-settings=\"{&quot;_animation&quot;:&quot;fadeIn&quot;}\" data-widget_type=\"image-box.default\">\n\t\t\t\t<div class=\"elementor-widget-container\">\n\t\t\t\t\t<div class=\"elementor-image-box-wrapper\"><div class=\"elementor-image-box-content\"><h4 class=\"elementor-image-box-title\">Ponykurse ab 2 Jahren<\/h4><p class=\"elementor-image-box-description\">- 6 Wochen lang a 45 min\n- sammeln erster Erfahrungen mit p\u00e4dagogischer Herangehensweise\n-kleine Gruppen\n- auch f\u00fcr Kinder mit k\u00f6rperlichen oder geistigen Einschr\u00e4nkungen<\/p><\/div><\/div>\t\t\t\t<\/div>\n\t\t\t\t<\/div>\n\t\t\t\t<div class=\"elementor-element elementor-element-78e1adf elementor-widget__width-auto elementor-mobile-align-center elementor-widget-mobile__width-inherit elementor-align-center elementor-widget elementor-widget-button\" data-id=\"78e1adf\" data-element_type=\"widget\" data-e-type=\"widget\" data-widget_type=\"button.default\">\n\t\t\t\t<div class=\"elementor-widget-container\">\n\t\t\t\t\t\t\t\t\t<div class=\"elementor-button-wrapper\">\n\t\t\t\t\t<a class=\"elementor-button elementor-button-link elementor-size-sm\" href=\"https:\/\/reiten-am-jakobushof.de\/?page_id=568\">\n\t\t\t\t\t\t<span class=\"elementor-button-content-wrapper\">\n\t\t\t\t\t\t\t\t\t<span class=\"elementor-button-text\">zu unseren aktuellen Angeboten<\/span>\n\t\t\t\t\t<\/span>\n\t\t\t\t\t<\/a>\n\t\t\t\t<\/div>\n\t\t\t\t\t\t\t\t<\/div>\n\t\t\t\t<\/div>\n\t\t\t\t<\/div>\n\t\t<div class=\"elementor-element elementor-element-45ebbdac e-con-full e-flex e-con e-child\" data-id=\"45ebbdac\" data-element_type=\"container\" data-e-type=\"container\">\n\t\t\t\t<div class=\"elementor-element elementor-element-49e56f40 elementor-widget elementor-widget-image\" data-id=\"49e56f40\" data-element_type=\"widget\" data-e-type=\"widget\" data-widget_type=\"image.default\">\n\t\t\t\t<div class=\"elementor-widget-container\">\n\t\t\t\t\t\t\t\t\t\t\t\t\t\t\t<img decoding=\"async\" src=\"https:\/\/reiten-am-jakobushof.de\/wp-content\/uploads\/elementor\/thumbs\/WhatsApp-Image-2025-03-13-at-15.51.58-r774byhazo3w7e34g7atfhisaw5bsjcrwpki9siye4.jpeg\" title=\"WhatsApp Image 2025-03-13 at 15.51.58\" alt=\"WhatsApp Image 2025-03-13 at 15.51.58\" loading=\"lazy\" \/>\t\t\t\t\t\t\t\t\t\t\t\t\t\t\t<\/div>\n\t\t\t\t<\/div>\n\t\t\t\t<div class=\"elementor-element elementor-element-b315604 elementor-invisible elementor-widget elementor-widget-image-box\" data-id=\"b315604\" data-element_type=\"widget\" data-e-type=\"widget\" data-settings=\"{&quot;_animation&quot;:&quot;fadeIn&quot;}\" data-widget_type=\"image-box.default\">\n\t\t\t\t<div class=\"elementor-widget-container\">\n\t\t\t\t\t<div class=\"elementor-image-box-wrapper\"><div class=\"elementor-image-box-content\"><h4 class=\"elementor-image-box-title\">weitere Angebote<\/h4><p class=\"elementor-image-box-description\">Reitp\u00e4dagogik\n- Kindergeburtstage\n- Specials zu Ostern, Halloween usw.\n- Ponyexpertentage\n- Feriencamp\/Ferienbetreuung \n- Ponyreiten mit und ohne Begleitung<\/p><\/div><\/div>\t\t\t\t<\/div>\n\t\t\t\t<\/div>\n\t\t\t\t<div class=\"elementor-element elementor-element-7b7bb9d0 elementor-widget__width-auto elementor-mobile-align-center elementor-widget-mobile__width-inherit elementor-align-center elementor-widget elementor-widget-button\" data-id=\"7b7bb9d0\" data-element_type=\"widget\" data-e-type=\"widget\" data-widget_type=\"button.default\">\n\t\t\t\t<div class=\"elementor-widget-container\">\n\t\t\t\t\t\t\t\t\t<div class=\"elementor-button-wrapper\">\n\t\t\t\t\t<a class=\"elementor-button elementor-button-link elementor-size-sm\" href=\"https:\/\/chat.whatsapp.com\/BJdw9R48MHz4jwqza6mkII\">\n\t\t\t\t\t\t<span class=\"elementor-button-content-wrapper\">\n\t\t\t\t\t\t\t\t\t<span class=\"elementor-button-text\">zu unserem WhatsApp Infokanal<\/span>\n\t\t\t\t\t<\/span>\n\t\t\t\t\t<\/a>\n\t\t\t\t<\/div>\n\t\t\t\t\t\t\t\t<\/div>\n\t\t\t\t<\/div>\n\t\t\t\t<\/div>\n\t\t\t\t<\/div>\n\t\t\t\t<\/div>\n\t\t<div class=\"elementor-element elementor-element-16af89f9 e-con-full e-flex e-con e-parent\" data-id=\"16af89f9\" data-element_type=\"container\" data-e-type=\"container\" data-settings=\"{&quot;background_background&quot;:&quot;slideshow&quot;,&quot;background_slideshow_gallery&quot;:[{&quot;id&quot;:99,&quot;url&quot;:&quot;https:\\\/\\\/reiten-am-jakobushof.de\\\/wp-content\\\/uploads\\\/2025\\\/04\\\/WhatsApp-Image-2025-03-13-at-15.47.04.jpeg&quot;},{&quot;id&quot;:234,&quot;url&quot;:&quot;https:\\\/\\\/reiten-am-jakobushof.de\\\/wp-content\\\/uploads\\\/2025\\\/09\\\/IMG_0386.jpg&quot;},{&quot;id&quot;:103,&quot;url&quot;:&quot;https:\\\/\\\/reiten-am-jakobushof.de\\\/wp-content\\\/uploads\\\/2025\\\/04\\\/WhatsApp-Image-2025-03-13-at-15.48.04.jpeg&quot;},{&quot;id&quot;:232,&quot;url&quot;:&quot;https:\\\/\\\/reiten-am-jakobushof.de\\\/wp-content\\\/uploads\\\/2025\\\/09\\\/IMG_0466-scaled.jpg&quot;},{&quot;id&quot;:226,&quot;url&quot;:&quot;https:\\\/\\\/reiten-am-jakobushof.de\\\/wp-content\\\/uploads\\\/2025\\\/09\\\/IMG_4022-scaled.jpg&quot;},{&quot;id&quot;:242,&quot;url&quot;:&quot;https:\\\/\\\/reiten-am-jakobushof.de\\\/wp-content\\\/uploads\\\/2025\\\/09\\\/972cf6ca-c0c8-42c8-90da-db9d87c38286-1.jpg&quot;}],&quot;background_slideshow_slide_duration&quot;:3000,&quot;background_slideshow_ken_burns&quot;:&quot;yes&quot;,&quot;background_slideshow_ken_burns_zoom_direction&quot;:&quot;out&quot;,&quot;background_slideshow_loop&quot;:&quot;yes&quot;,&quot;background_slideshow_slide_transition&quot;:&quot;fade&quot;,&quot;background_slideshow_transition_duration&quot;:500}\">\n\t\t\t\t<div class=\"elementor-element elementor-element-d7e79d6 elementor-widget elementor-widget-heading\" data-id=\"d7e79d6\" data-element_type=\"widget\" data-e-type=\"widget\" data-widget_type=\"heading.default\">\n\t\t\t\t<div class=\"elementor-widget-container\">\n\t\t\t\t\t<h2 class=\"elementor-heading-title elementor-size-default\">Unsere Philosophie macht uns aus<\/h2>\t\t\t\t<\/div>\n\t\t\t\t<\/div>\n\t\t\t\t<div class=\"elementor-element elementor-element-10d7b274 elementor-widget__width-initial elementor-widget-mobile__width-inherit elementor-widget elementor-widget-text-editor\" data-id=\"10d7b274\" data-element_type=\"widget\" data-e-type=\"widget\" data-widget_type=\"text-editor.default\">\n\t\t\t\t<div class=\"elementor-widget-container\">\n\t\t\t\t\t\t\t\t\t<p>Wir sind ein kleiner, familiengef\u00fchrter Betrieb am Rande von Vasb\u00fchl. Gemeinsam mit unseren Tieren leben wir auf dem Jakobushof.<\/p><p>Bei uns steht das Tierwohl und die artgerechte Haltung an oberster Stelle. Unsere Anlage umfasst einen Allwetter-Reitplatz und eine kleine Reithalle umgeben von einem traumhaften Gel\u00e4nde&#8230;<\/p><p>\u00a0<\/p>\t\t\t\t\t\t\t\t<\/div>\n\t\t\t\t<\/div>\n\t\t\t\t<div class=\"elementor-element elementor-element-1443294d elementor-mobile-align-center elementor-widget elementor-widget-button\" data-id=\"1443294d\" data-element_type=\"widget\" data-e-type=\"widget\" data-widget_type=\"button.default\">\n\t\t\t\t<div class=\"elementor-widget-container\">\n\t\t\t\t\t\t\t\t\t<div class=\"elementor-button-wrapper\">\n\t\t\t\t\t<a class=\"elementor-button elementor-button-link elementor-size-sm\" href=\"https:\/\/reiten-am-jakobushof.de\/?page_id=558\">\n\t\t\t\t\t\t<span class=\"elementor-button-content-wrapper\">\n\t\t\t\t\t\t\t\t\t<span class=\"elementor-button-text\">Erfahre mehr \u00fcber unseren Hof<\/span>\n\t\t\t\t\t<\/span>\n\t\t\t\t\t<\/a>\n\t\t\t\t<\/div>\n\t\t\t\t\t\t\t\t<\/div>\n\t\t\t\t<\/div>\n\t\t\t\t<\/div>\n\t\t<div class=\"elementor-element elementor-element-dc71896 e-flex e-con-boxed e-con e-parent\" data-id=\"dc71896\" data-element_type=\"container\" data-e-type=\"container\">\n\t\t\t\t\t<div class=\"e-con-inner\">\n\t\t\t\t<div class=\"elementor-element elementor-element-31611a0 elementor-align-center elementor-fixed elementor-widget elementor-widget-button\" data-id=\"31611a0\" data-element_type=\"widget\" data-e-type=\"widget\" data-settings=\"{&quot;_position&quot;:&quot;fixed&quot;}\" data-widget_type=\"button.default\">\n\t\t\t\t<div class=\"elementor-widget-container\">\n\t\t\t\t\t\t\t\t\t<div class=\"elementor-button-wrapper\">\n\t\t\t\t\t<a class=\"elementor-button elementor-button-link elementor-size-sm\" href=\"https:\/\/reiten-am-jakobushof.reitbuch.com\/weekplan.php\">\n\t\t\t\t\t\t<span class=\"elementor-button-content-wrapper\">\n\t\t\t\t\t\t\t\t\t<span class=\"elementor-button-text\">zum Reitbuch<\/span>\n\t\t\t\t\t<\/span>\n\t\t\t\t\t<\/a>\n\t\t\t\t<\/div>\n\t\t\t\t\t\t\t\t<\/div>\n\t\t\t\t<\/div>\n\t\t\t\t\t<\/div>\n\t\t\t\t<\/div>\n\t\t<div class=\"elementor-element elementor-element-6cce6b19 e-con-full e-flex e-con e-parent\" data-id=\"6cce6b19\" data-element_type=\"container\" data-e-type=\"container\">\n\t\t\t\t<div class=\"elementor-element elementor-element-fba79b4 elementor-widget elementor-widget-heading\" data-id=\"fba79b4\" data-element_type=\"widget\" data-e-type=\"widget\" data-widget_type=\"heading.default\">\n\t\t\t\t<div class=\"elementor-widget-container\">\n\t\t\t\t\t<h3 class=\"elementor-heading-title elementor-size-default\">Das sagen unsere Kunden<\/h3>\t\t\t\t<\/div>\n\t\t\t\t<\/div>\n\t\t<div class=\"elementor-element elementor-element-79e9af4b e-con-full e-flex e-con e-child\" data-id=\"79e9af4b\" data-element_type=\"container\" data-e-type=\"container\">\n\t\t<div class=\"elementor-element elementor-element-43293ec8 e-con-full e-flex e-con e-child\" data-id=\"43293ec8\" data-element_type=\"container\" data-e-type=\"container\">\n\t\t\t\t<div class=\"elementor-element elementor-element-57175057 elementor-widget elementor-widget-image\" data-id=\"57175057\" data-element_type=\"widget\" data-e-type=\"widget\" data-widget_type=\"image.default\">\n\t\t\t\t<div class=\"elementor-widget-container\">\n\t\t\t\t\t\t\t\t\t\t\t\t\t\t\t<img decoding=\"async\" width=\"150\" height=\"150\" src=\"https:\/\/reiten-am-jakobushof.de\/wp-content\/uploads\/2024\/11\/Screenshot-2024-11-26-104906-e1749728085441-150x150.png\" class=\"attachment-thumbnail size-thumbnail wp-image-17\" alt=\"\" srcset=\"https:\/\/reiten-am-jakobushof.de\/wp-content\/uploads\/2024\/11\/Screenshot-2024-11-26-104906-e1749728085441-150x150.png 150w, https:\/\/reiten-am-jakobushof.de\/wp-content\/uploads\/2024\/11\/Screenshot-2024-11-26-104906-e1749728085441-300x300.png 300w, https:\/\/reiten-am-jakobushof.de\/wp-content\/uploads\/2024\/11\/Screenshot-2024-11-26-104906-e1749728085441.png 459w\" sizes=\"(max-width: 150px) 100vw, 150px\" \/>\t\t\t\t\t\t\t\t\t\t\t\t\t\t\t<\/div>\n\t\t\t\t<\/div>\n\t\t\t\t<div class=\"elementor-element elementor-element-1fc32ba4 elementor--star-style-star_unicode elementor-widget elementor-widget-star-rating\" data-id=\"1fc32ba4\" data-element_type=\"widget\" data-e-type=\"widget\" data-widget_type=\"star-rating.default\">\n\t\t\t\t<div class=\"elementor-widget-container\">\n\t\t\t\t\t\t\t<div class=\"elementor-star-rating__wrapper\">\n\t\t\t\t\t\t<div class=\"elementor-star-rating\" itemtype=\"http:\/\/schema.org\/Rating\" itemscope=\"\" itemprop=\"reviewRating\">\n\t\t\t\t<i class=\"elementor-star-full\" aria-hidden=\"true\">&#9733;<\/i><i class=\"elementor-star-full\" aria-hidden=\"true\">&#9733;<\/i><i class=\"elementor-star-full\" aria-hidden=\"true\">&#9733;<\/i><i class=\"elementor-star-full\" aria-hidden=\"true\">&#9733;<\/i><i class=\"elementor-star-full\" aria-hidden=\"true\">&#9733;<\/i>\t\t\t\t<span itemprop=\"ratingValue\" class=\"elementor-screen-only\">Bewertet mit 5 von 5<\/span>\n\t\t\t<\/div>\n\t\t<\/div>\n\t\t\t\t\t\t<\/div>\n\t\t\t\t<\/div>\n\t\t\t\t<div class=\"elementor-element elementor-element-7851322e elementor-widget elementor-widget-testimonial\" data-id=\"7851322e\" data-element_type=\"widget\" data-e-type=\"widget\" data-widget_type=\"testimonial.default\">\n\t\t\t\t<div class=\"elementor-widget-container\">\n\t\t\t\t\t\t\t<div class=\"elementor-testimonial-wrapper\">\n\t\t\t\t\t\t\t<div class=\"elementor-testimonial-content\">Wir kommen immer wieder gerne zum Ponykurs! Er macht dem Kind super viel Spa\u00df! Und der Kurs ist super aufgebaut und es wird super auf die kleinen eingegangen.<\/div>\n\t\t\t\n\t\t\t\t\t\t<div class=\"elementor-testimonial-meta\">\n\t\t\t\t<div class=\"elementor-testimonial-meta-inner\">\n\t\t\t\t\t\n\t\t\t\t\t\t\t\t\t\t<div class=\"elementor-testimonial-details\">\n\t\t\t\t\t\t\t\t\t\t\t\t\t\t<div class=\"elementor-testimonial-name\">C. Zei\u00dfner<\/div>\n\t\t\t\t\t\t\t\t\t\t\t\t\t\t\t\t\t\t\t<\/div>\n\t\t\t\t\t\t\t\t\t<\/div>\n\t\t\t<\/div>\n\t\t\t\t\t<\/div>\n\t\t\t\t\t\t<\/div>\n\t\t\t\t<\/div>\n\t\t\t\t<\/div>\n\t\t<div class=\"elementor-element elementor-element-37b7a9d7 e-con-full e-flex e-con e-child\" data-id=\"37b7a9d7\" data-element_type=\"container\" data-e-type=\"container\">\n\t\t\t\t<div class=\"elementor-element elementor-element-1fdc6f52 elementor-widget elementor-widget-image\" data-id=\"1fdc6f52\" data-element_type=\"widget\" data-e-type=\"widget\" data-widget_type=\"image.default\">\n\t\t\t\t<div class=\"elementor-widget-container\">\n\t\t\t\t\t\t\t\t\t\t\t\t\t\t\t<img decoding=\"async\" src=\"https:\/\/reiten-am-jakobushof.de\/wp-content\/uploads\/elementor\/thumbs\/0dc439a5-f71b-4207-9790-c8231cd297d5-rdpt5gqdmshjf129x5l1u9mhtytb36uya8sq7tbxi4.jpg\" title=\"0dc439a5-f71b-4207-9790-c8231cd297d5\" alt=\"0dc439a5-f71b-4207-9790-c8231cd297d5\" loading=\"lazy\" \/>\t\t\t\t\t\t\t\t\t\t\t\t\t\t\t<\/div>\n\t\t\t\t<\/div>\n\t\t\t\t<div class=\"elementor-element elementor-element-7645e4df elementor--star-style-star_unicode elementor-widget elementor-widget-star-rating\" data-id=\"7645e4df\" data-element_type=\"widget\" data-e-type=\"widget\" data-widget_type=\"star-rating.default\">\n\t\t\t\t<div class=\"elementor-widget-container\">\n\t\t\t\t\t\t\t<div class=\"elementor-star-rating__wrapper\">\n\t\t\t\t\t\t<div class=\"elementor-star-rating\" itemtype=\"http:\/\/schema.org\/Rating\" itemscope=\"\" itemprop=\"reviewRating\">\n\t\t\t\t<i class=\"elementor-star-full\" aria-hidden=\"true\">&#9733;<\/i><i class=\"elementor-star-full\" aria-hidden=\"true\">&#9733;<\/i><i class=\"elementor-star-full\" aria-hidden=\"true\">&#9733;<\/i><i class=\"elementor-star-full\" aria-hidden=\"true\">&#9733;<\/i><i class=\"elementor-star-full\" aria-hidden=\"true\">&#9733;<\/i>\t\t\t\t<span itemprop=\"ratingValue\" class=\"elementor-screen-only\">Bewertet mit 5 von 5<\/span>\n\t\t\t<\/div>\n\t\t<\/div>\n\t\t\t\t\t\t<\/div>\n\t\t\t\t<\/div>\n\t\t\t\t<div class=\"elementor-element elementor-element-2353a471 elementor-widget elementor-widget-testimonial\" data-id=\"2353a471\" data-element_type=\"widget\" data-e-type=\"widget\" data-widget_type=\"testimonial.default\">\n\t\t\t\t<div class=\"elementor-widget-container\">\n\t\t\t\t\t\t\t<div class=\"elementor-testimonial-wrapper\">\n\t\t\t\t\t\t\t<div class=\"elementor-testimonial-content\">Meine Tochter geht super gerne zu Ihrer w\u00f6chentlichen Gruppen-Reitstunde. Die Reitlehrerinnen sind super und sie lernt sehr viel dort. Wir sind begeistert und k\u00f6nnen \"Reiten am Jakobushof\" von Herzen weiterempfehlen!!<\/div>\n\t\t\t\n\t\t\t\t\t\t<div class=\"elementor-testimonial-meta\">\n\t\t\t\t<div class=\"elementor-testimonial-meta-inner\">\n\t\t\t\t\t\n\t\t\t\t\t\t\t\t\t\t<div class=\"elementor-testimonial-details\">\n\t\t\t\t\t\t\t\t\t\t\t\t\t\t<div class=\"elementor-testimonial-name\">Ramona Weis<\/div>\n\t\t\t\t\t\t\t\t\t\t\t\t\t\t\t\t\t\t\t<\/div>\n\t\t\t\t\t\t\t\t\t<\/div>\n\t\t\t<\/div>\n\t\t\t\t\t<\/div>\n\t\t\t\t\t\t<\/div>\n\t\t\t\t<\/div>\n\t\t\t\t<\/div>\n\t\t<div class=\"elementor-element elementor-element-1a507a45 e-con-full e-flex e-con e-child\" data-id=\"1a507a45\" data-element_type=\"container\" data-e-type=\"container\">\n\t\t\t\t<div class=\"elementor-element elementor-element-54acc799 elementor-widget elementor-widget-image\" data-id=\"54acc799\" data-element_type=\"widget\" data-e-type=\"widget\" data-widget_type=\"image.default\">\n\t\t\t\t<div class=\"elementor-widget-container\">\n\t\t\t\t\t\t\t\t\t\t\t\t\t\t\t<img decoding=\"async\" src=\"https:\/\/reiten-am-jakobushof.de\/wp-content\/uploads\/elementor\/thumbs\/a136cd8e-ccf6-4c0d-a2bd-b3845551f6a8-rdpt5eup94eyrt5084rspa3kn72knsnhlzhr99epuk.jpg\" title=\"a136cd8e-ccf6-4c0d-a2bd-b3845551f6a8\" alt=\"a136cd8e-ccf6-4c0d-a2bd-b3845551f6a8\" loading=\"lazy\" \/>\t\t\t\t\t\t\t\t\t\t\t\t\t\t\t<\/div>\n\t\t\t\t<\/div>\n\t\t\t\t<div class=\"elementor-element elementor-element-4c62775 elementor--star-style-star_unicode elementor-widget elementor-widget-star-rating\" data-id=\"4c62775\" data-element_type=\"widget\" data-e-type=\"widget\" data-widget_type=\"star-rating.default\">\n\t\t\t\t<div class=\"elementor-widget-container\">\n\t\t\t\t\t\t\t<div class=\"elementor-star-rating__wrapper\">\n\t\t\t\t\t\t<div class=\"elementor-star-rating\" itemtype=\"http:\/\/schema.org\/Rating\" itemscope=\"\" itemprop=\"reviewRating\">\n\t\t\t\t<i class=\"elementor-star-full\" aria-hidden=\"true\">&#9733;<\/i><i class=\"elementor-star-full\" aria-hidden=\"true\">&#9733;<\/i><i class=\"elementor-star-full\" aria-hidden=\"true\">&#9733;<\/i><i class=\"elementor-star-full\" aria-hidden=\"true\">&#9733;<\/i><i class=\"elementor-star-full\" aria-hidden=\"true\">&#9733;<\/i>\t\t\t\t<span itemprop=\"ratingValue\" class=\"elementor-screen-only\">Bewertet mit 5 von 5<\/span>\n\t\t\t<\/div>\n\t\t<\/div>\n\t\t\t\t\t\t<\/div>\n\t\t\t\t<\/div>\n\t\t\t\t<div class=\"elementor-element elementor-element-824d0fd elementor-widget elementor-widget-testimonial\" data-id=\"824d0fd\" data-element_type=\"widget\" data-e-type=\"widget\" data-widget_type=\"testimonial.default\">\n\t\t\t\t<div class=\"elementor-widget-container\">\n\t\t\t\t\t\t\t<div class=\"elementor-testimonial-wrapper\">\n\t\t\t\t\t\t\t<div class=\"elementor-testimonial-content\">Unsere Tochter bekommt w\u00f6chentlich in einer super Gruppe Reitunterricht. Die Gruppendynamik\/Reitlehrerin\/der Umgang mit den Pferden und nat\u00fcrlich das Reiten macht ihr super viel Spa\u00df und ist immer wieder ein Highlight. Es ist sehr zu empfehlen!<\/div>\n\t\t\t\n\t\t\t\t\t\t<div class=\"elementor-testimonial-meta\">\n\t\t\t\t<div class=\"elementor-testimonial-meta-inner\">\n\t\t\t\t\t\n\t\t\t\t\t\t\t\t\t\t<div class=\"elementor-testimonial-details\">\n\t\t\t\t\t\t\t\t\t\t\t\t\t\t<div class=\"elementor-testimonial-name\">Sabrina G\u00f6bel<\/div>\n\t\t\t\t\t\t\t\t\t\t\t\t\t\t\t\t\t\t\t<\/div>\n\t\t\t\t\t\t\t\t\t<\/div>\n\t\t\t<\/div>\n\t\t\t\t\t<\/div>\n\t\t\t\t\t\t<\/div>\n\t\t\t\t<\/div>\n\t\t\t\t<\/div>\n\t\t\t\t<\/div>\n\t\t\t\t<\/div>\n\t\t\t\t<\/div>\n\t\t","protected":false},"excerpt":{"rendered":"<p>Reitp\u00e4dagogik &amp; Reitunterricht Reitunterricht Western &amp; Englisch alle Altersklassen &#8211; Einzelunterricht oder Gruppenunterricht &#8211; w\u00f6chentliche feste Reitgruppen je nach Erfahrung &#8211; mobiler Reitunterricht &#8211; Onlineunterricht mehr Infos zu unserem Reitunterricht Ponykurse ab 2 Jahren &#8211; 6 Wochen lang a 45 min &#8211; sammeln erster Erfahrungen mit p\u00e4dagogischer Herangehensweise -kleine Gruppen &#8211; auch f\u00fcr Kinder mit [&hellip;]<\/p>\n","protected":false},"author":1,"featured_media":0,"parent":0,"menu_order":0,"comment_status":"closed","ping_status":"closed","template":"","meta":{"footnotes":""},"class_list":["post-537","page","type-page","status-publish","hentry"],"_links":{"self":[{"href":"https:\/\/reiten-am-jakobushof.de\/index.php?rest_route=\/wp\/v2\/pages\/537","targetHints":{"allow":["GET"]}}],"collection":[{"href":"https:\/\/reiten-am-jakobushof.de\/index.php?rest_route=\/wp\/v2\/pages"}],"about":[{"href":"https:\/\/reiten-am-jakobushof.de\/index.php?rest_route=\/wp\/v2\/types\/page"}],"author":[{"embeddable":true,"href":"https:\/\/reiten-am-jakobushof.de\/index.php?rest_route=\/wp\/v2\/users\/1"}],"replies":[{"embeddable":true,"href":"https:\/\/reiten-am-jakobushof.de\/index.php?rest_route=%2Fwp%2Fv2%2Fcomments&post=537"}],"version-history":[{"count":62,"href":"https:\/\/reiten-am-jakobushof.de\/index.php?rest_route=\/wp\/v2\/pages\/537\/revisions"}],"predecessor-version":[{"id":861,"href":"https:\/\/reiten-am-jakobushof.de\/index.php?rest_route=\/wp\/v2\/pages\/537\/revisions\/861"}],"wp:attachment":[{"href":"https:\/\/reiten-am-jakobushof.de\/index.php?rest_route=%2Fwp%2Fv2%2Fmedia&parent=537"}],"curies":[{"name":"wp","href":"https:\/\/api.w.org\/{rel}","templated":true}]}}