{"id":558,"date":"2025-11-09T19:59:51","date_gmt":"2025-11-09T19:59:51","guid":{"rendered":"https:\/\/reiten-am-jakobushof.de\/?page_id=558"},"modified":"2025-11-17T20:10:31","modified_gmt":"2025-11-17T20:10:31","slug":"ueber-uns","status":"publish","type":"page","link":"https:\/\/reiten-am-jakobushof.de\/?page_id=558","title":{"rendered":"\u00dcber uns"},"content":{"rendered":"\t\t<div data-elementor-type=\"wp-page\" data-elementor-id=\"558\" class=\"elementor elementor-558\" data-elementor-post-type=\"page\">\n\t\t\t\t<div class=\"elementor-element elementor-element-565c9b3 e-flex e-con-boxed e-con e-parent\" data-id=\"565c9b3\" data-element_type=\"container\" data-e-type=\"container\">\n\t\t\t\t\t<div class=\"e-con-inner\">\n\t\t\t\t<div class=\"elementor-element elementor-element-ba0b472 elementor-widget elementor-widget-heading\" data-id=\"ba0b472\" data-element_type=\"widget\" data-e-type=\"widget\" data-widget_type=\"heading.default\">\n\t\t\t\t<div class=\"elementor-widget-container\">\n\t\t\t\t\t<h2 class=\"elementor-heading-title elementor-size-default\">Unsere Philosophie macht uns aus<\/h2>\t\t\t\t<\/div>\n\t\t\t\t<\/div>\n\t\t\t\t\t<\/div>\n\t\t\t\t<\/div>\n\t\t<div class=\"elementor-element elementor-element-49a9ed5f e-flex e-con-boxed e-con e-parent\" data-id=\"49a9ed5f\" data-element_type=\"container\" data-e-type=\"container\">\n\t\t\t\t\t<div class=\"e-con-inner\">\n\t\t\t\t<div class=\"elementor-element elementor-element-5dab9d1d elementor-widget__width-initial elementor-widget elementor-widget-image\" data-id=\"5dab9d1d\" data-element_type=\"widget\" data-e-type=\"widget\" data-widget_type=\"image.default\">\n\t\t\t\t<div class=\"elementor-widget-container\">\n\t\t\t\t\t\t\t\t\t\t\t\t\t\t\t<img fetchpriority=\"high\" decoding=\"async\" width=\"738\" height=\"890\" src=\"https:\/\/reiten-am-jakobushof.de\/wp-content\/uploads\/2025\/10\/Nina-Pferd-Profil-1.jpg\" class=\"attachment-medium_large size-medium_large wp-image-338\" alt=\"\" srcset=\"https:\/\/reiten-am-jakobushof.de\/wp-content\/uploads\/2025\/10\/Nina-Pferd-Profil-1.jpg 738w, https:\/\/reiten-am-jakobushof.de\/wp-content\/uploads\/2025\/10\/Nina-Pferd-Profil-1-249x300.jpg 249w\" sizes=\"(max-width: 738px) 100vw, 738px\" \/>\t\t\t\t\t\t\t\t\t\t\t\t\t\t\t<\/div>\n\t\t\t\t<\/div>\n\t\t<div class=\"elementor-element elementor-element-4b2a9d99 e-con-full e-flex e-con e-child\" data-id=\"4b2a9d99\" data-element_type=\"container\" data-e-type=\"container\">\n\t\t<div class=\"elementor-element elementor-element-4a35cf87 e-con-full e-flex e-con e-child\" data-id=\"4a35cf87\" data-element_type=\"container\" data-e-type=\"container\">\n\t\t\t\t<div class=\"elementor-element elementor-element-2cf5f21e elementor-widget elementor-widget-text-editor\" data-id=\"2cf5f21e\" data-element_type=\"widget\" data-e-type=\"widget\" data-widget_type=\"text-editor.default\">\n\t\t\t\t<div class=\"elementor-widget-container\">\n\t\t\t\t\t\t\t\t\t<p>Hi, mein Name ist Nina. Seit fr\u00fchester Kindheit bin ich mit dem Reiten und der Arbeit mit Pferden verbunden &#8211; eine Leidenschaft, die sich \u00fcber viele Jahre hinweg kontinuierlich vertieft hat.<\/p><p>Ich verf\u00fcge \u00fcber umfassende Kenntnisse im klassischen, wie auch im Westernreiten und habe unter anderem diverse Reitabzeichen, Longierabzeichen, sowie die Qualifikation als Westerntrainerin (Erste Westernreiter Union e. V.) und eine Ausbildung in der Reitp\u00e4dagogik erworben. <br \/>Sowohl auf Turnieren, als auch im individuellen Training konnte ich viele wertvolle Erfahrungen sammeln.<\/p><p>Besonders die Arbeit auf herausfordernden Pferden hat mich darin best\u00e4rkt, stets einen fairen, klaren und respektvollen Weg im Umgang mit den Tieren zu gehen. Diese Haltung m\u00f6chte ich auch meinen Sch\u00fclern weitergeben und sie auf ihrem reiterlichen Weg in ihrer Individualit\u00e4t unterst\u00fctzen.<\/p>\t\t\t\t\t\t\t\t<\/div>\n\t\t\t\t<\/div>\n\t\t\t\t<\/div>\n\t\t<div class=\"elementor-element elementor-element-6a5bb6f0 e-con-full e-flex e-con e-child\" data-id=\"6a5bb6f0\" data-element_type=\"container\" data-e-type=\"container\">\n\t\t\t\t<div class=\"elementor-element elementor-element-12b1dafd elementor-widget elementor-widget-text-editor\" data-id=\"12b1dafd\" data-element_type=\"widget\" data-e-type=\"widget\" data-widget_type=\"text-editor.default\">\n\t\t\t\t<div class=\"elementor-widget-container\">\n\t\t\t\t\t\t\t\t\t<p>Bei uns steht das Tierwohl und artgerechte Haltung an oberster Stelle. Unsere Anlage umfasst einen Allwetterreitplatz und eine kleine Reithalle, umgeben von einem traumhaften Gel\u00e4nde.<\/p><p>Die Pferde und Ponys stehen in Gruppenhaltung in gro\u00dfen Laufst\u00e4llen mit 24\/7 Heu, Stroh, Wasser und diversen Mineralienquellen. T\u00e4glicher Auslauf ist selbstverst\u00e4ndlich. In den Sommermonaten stehen gro\u00dfe Weiden zur Verf\u00fcgung. <br \/>Regelm\u00e4\u00dfige Impfungen, Entwurmungen, Physiotherapie und Osteopathie geh\u00f6ren f\u00fcr uns ebenso dazu, wie passendes und gepflegtes Equipment.<\/p><p>Wir sehen nicht nur unsere Pferde, sondern auch den Reiter in seiner Individualit\u00e4t, seinem Alter und seinem Geschlecht. Auch Menschen mit Behinderungen, geistigen oder k\u00f6rperlichen Einschr\u00e4nkungen sind bei uns herzlich Willkommen.<\/p>\t\t\t\t\t\t\t\t<\/div>\n\t\t\t\t<\/div>\n\t\t\t\t<\/div>\n\t\t<div class=\"elementor-element elementor-element-364d9511 e-flex e-con-boxed e-con e-child\" data-id=\"364d9511\" data-element_type=\"container\" data-e-type=\"container\">\n\t\t\t\t\t<div class=\"e-con-inner\">\n\t\t\t\t<div class=\"elementor-element elementor-element-2e1ce493 elementor-widget__width-auto elementor-button-info elementor-align-center elementor-mobile-align-justify elementor-widget-mobile__width-inherit elementor-widget elementor-widget-button\" data-id=\"2e1ce493\" data-element_type=\"widget\" data-e-type=\"widget\" data-widget_type=\"button.default\">\n\t\t\t\t<div class=\"elementor-widget-container\">\n\t\t\t\t\t\t\t\t\t<div class=\"elementor-button-wrapper\">\n\t\t\t\t\t<a class=\"elementor-button elementor-button-link elementor-size-sm\" href=\"https:\/\/wa.me\/message\/T75FZQ6FWKP3C1\">\n\t\t\t\t\t\t<span class=\"elementor-button-content-wrapper\">\n\t\t\t\t\t\t\t\t\t<span class=\"elementor-button-text\">nimm Kontakt zu uns auf<\/span>\n\t\t\t\t\t<\/span>\n\t\t\t\t\t<\/a>\n\t\t\t\t<\/div>\n\t\t\t\t\t\t\t\t<\/div>\n\t\t\t\t<\/div>\n\t\t\t\t\t<\/div>\n\t\t\t\t<\/div>\n\t\t\t\t<\/div>\n\t\t\t\t\t<\/div>\n\t\t\t\t<\/div>\n\t\t<div class=\"elementor-element elementor-element-4847959d e-flex e-con-boxed e-con e-parent\" data-id=\"4847959d\" data-element_type=\"container\" data-e-type=\"container\">\n\t\t\t\t\t<div class=\"e-con-inner\">\n\t\t\t\t<div class=\"elementor-element elementor-element-594bc97 elementor-widget elementor-widget-heading\" data-id=\"594bc97\" data-element_type=\"widget\" data-e-type=\"widget\" data-widget_type=\"heading.default\">\n\t\t\t\t<div class=\"elementor-widget-container\">\n\t\t\t\t\t<h2 class=\"elementor-heading-title elementor-size-default\">Feedback zu unserer Arbeit<\/h2>\t\t\t\t<\/div>\n\t\t\t\t<\/div>\n\t\t\t\t\t<\/div>\n\t\t\t\t<\/div>\n\t\t<div class=\"elementor-element elementor-element-4b34a72 e-grid e-con-boxed e-con e-parent\" data-id=\"4b34a72\" data-element_type=\"container\" data-e-type=\"container\">\n\t\t\t\t\t<div class=\"e-con-inner\">\n\t\t\t\t<div class=\"elementor-element elementor-element-8d55d68 elementor-widget-tablet__width-initial elementor-widget-mobile__width-inherit elementor-widget elementor-widget-testimonial\" data-id=\"8d55d68\" data-element_type=\"widget\" data-e-type=\"widget\" data-widget_type=\"testimonial.default\">\n\t\t\t\t<div class=\"elementor-widget-container\">\n\t\t\t\t\t\t\t<div class=\"elementor-testimonial-wrapper\">\n\t\t\t\t\t\t\t<div class=\"elementor-testimonial-content\">Nach einem Sturz vom Pferd war meine Tochter sehr \u00e4ngstlich wieder aufzusteigen. Wir wechselten daraufhin zum Jakobushof. Dank der sehr einf\u00fchlsamen Art der Mitarbeiter reitet meine Tochter heute wieder f\u00fcr ihr Leben gerne und w\u00fcrde am liebsten jede frei Minute dort verbringen. Absolute Herzensempfehlung. \n\n\n\nChristina Galm<\/div>\n\t\t\t\n\t\t\t\t\t\t<div class=\"elementor-testimonial-meta elementor-has-image elementor-testimonial-image-position-aside\">\n\t\t\t\t<div class=\"elementor-testimonial-meta-inner\">\n\t\t\t\t\t\t\t\t\t\t\t<div class=\"elementor-testimonial-image\">\n\t\t\t\t\t\t\t<img decoding=\"async\" width=\"2048\" height=\"1536\" src=\"https:\/\/reiten-am-jakobushof.de\/wp-content\/uploads\/2025\/10\/7ae6a33a-46ce-42fd-8cf2-0e115481826c.jpg\" class=\"attachment-full size-full wp-image-452\" alt=\"\" srcset=\"https:\/\/reiten-am-jakobushof.de\/wp-content\/uploads\/2025\/10\/7ae6a33a-46ce-42fd-8cf2-0e115481826c.jpg 2048w, https:\/\/reiten-am-jakobushof.de\/wp-content\/uploads\/2025\/10\/7ae6a33a-46ce-42fd-8cf2-0e115481826c-300x225.jpg 300w, https:\/\/reiten-am-jakobushof.de\/wp-content\/uploads\/2025\/10\/7ae6a33a-46ce-42fd-8cf2-0e115481826c-1024x768.jpg 1024w, https:\/\/reiten-am-jakobushof.de\/wp-content\/uploads\/2025\/10\/7ae6a33a-46ce-42fd-8cf2-0e115481826c-768x576.jpg 768w, https:\/\/reiten-am-jakobushof.de\/wp-content\/uploads\/2025\/10\/7ae6a33a-46ce-42fd-8cf2-0e115481826c-1536x1152.jpg 1536w\" sizes=\"(max-width: 2048px) 100vw, 2048px\" \/>\t\t\t\t\t\t<\/div>\n\t\t\t\t\t\n\t\t\t\t\t\t\t\t\t\t<div class=\"elementor-testimonial-details\">\n\t\t\t\t\t\t\t\t\t\t\t\t\t\t<div class=\"elementor-testimonial-name\">Lena, 12<\/div>\n\t\t\t\t\t\t\t\t\t\t\t\t\t\t\t\t\t\t\t<\/div>\n\t\t\t\t\t\t\t\t\t<\/div>\n\t\t\t<\/div>\n\t\t\t\t\t<\/div>\n\t\t\t\t\t\t<\/div>\n\t\t\t\t<\/div>\n\t\t\t\t<div class=\"elementor-element elementor-element-113fac70 elementor-widget-tablet__width-initial elementor-widget-mobile__width-inherit elementor-widget elementor-widget-testimonial\" data-id=\"113fac70\" data-element_type=\"widget\" data-e-type=\"widget\" data-widget_type=\"testimonial.default\">\n\t\t\t\t<div class=\"elementor-widget-container\">\n\t\t\t\t\t\t\t<div class=\"elementor-testimonial-wrapper\">\n\t\t\t\t\t\t\t<div class=\"elementor-testimonial-content\">Nina und Ihr Team begegnen den Kindern auf Augenh\u00f6he. Jedes Kind wird in seiner Individualit\u00e4t gesehen und dort abgeholt, wo es gerade steht. Die St\u00e4rken und Schw\u00e4chen werden erkannt und das Kind bekommt das beigebracht f\u00fcr was es bereit ist, ohne es zu \u00fcber- oder unterfordern. Wir waren im Ponyschnupperkurs, beim Ponyexpertentag und dem Osterevent, haben Kindergeburtstag gefeiert und aktuell gehen aktuell einmal die Woche zur Gruppenreitstunde. Danke f\u00fcr eure wertvolle Arbeit! \nTatjana B. <\/div>\n\t\t\t\n\t\t\t\t\t\t<div class=\"elementor-testimonial-meta elementor-has-image elementor-testimonial-image-position-aside\">\n\t\t\t\t<div class=\"elementor-testimonial-meta-inner\">\n\t\t\t\t\t\t\t\t\t\t\t<div class=\"elementor-testimonial-image\">\n\t\t\t\t\t\t\t<img decoding=\"async\" width=\"1200\" height=\"1600\" src=\"https:\/\/reiten-am-jakobushof.de\/wp-content\/uploads\/2025\/04\/Madleen-harry.jpeg\" class=\"attachment-full size-full wp-image-97\" alt=\"\" srcset=\"https:\/\/reiten-am-jakobushof.de\/wp-content\/uploads\/2025\/04\/Madleen-harry.jpeg 1200w, https:\/\/reiten-am-jakobushof.de\/wp-content\/uploads\/2025\/04\/Madleen-harry-225x300.jpeg 225w, https:\/\/reiten-am-jakobushof.de\/wp-content\/uploads\/2025\/04\/Madleen-harry-768x1024.jpeg 768w, https:\/\/reiten-am-jakobushof.de\/wp-content\/uploads\/2025\/04\/Madleen-harry-1152x1536.jpeg 1152w\" sizes=\"(max-width: 1200px) 100vw, 1200px\" \/>\t\t\t\t\t\t<\/div>\n\t\t\t\t\t\n\t\t\t\t\t\t\t\t\t<\/div>\n\t\t\t<\/div>\n\t\t\t\t\t<\/div>\n\t\t\t\t\t\t<\/div>\n\t\t\t\t<\/div>\n\t\t\t\t<div class=\"elementor-element elementor-element-411cc72d elementor-widget-tablet__width-initial elementor-widget-mobile__width-inherit elementor-widget elementor-widget-testimonial\" data-id=\"411cc72d\" data-element_type=\"widget\" data-e-type=\"widget\" data-widget_type=\"testimonial.default\">\n\t\t\t\t<div class=\"elementor-widget-container\">\n\t\t\t\t\t\t\t<div class=\"elementor-testimonial-wrapper\">\n\t\t\t\t\t\t\t<div class=\"elementor-testimonial-content\">Meine Tochter (6 Jahre) hat seit Juli 2024 w\u00f6chentlich eine Reitstunde, entweder Einzelstunde oder 2er Gruppe. Der Hof und die Pferde sind sehr sauber &amp; gepflegt. Der Reitunterricht ist sehr gut und lehrreich. Es wird alles super f\u00fcr die Kids erkl\u00e4rt. Meine Tochter ist begeistert &amp; freut sich jede Woche auf die Reitstunde. Man man wirklich sehr empfehlen.  Karina Hart<\/div>\n\t\t\t\n\t\t\t\t\t\t<div class=\"elementor-testimonial-meta elementor-has-image elementor-testimonial-image-position-aside\">\n\t\t\t\t<div class=\"elementor-testimonial-meta-inner\">\n\t\t\t\t\t\t\t\t\t\t\t<div class=\"elementor-testimonial-image\">\n\t\t\t\t\t\t\t<img loading=\"lazy\" decoding=\"async\" width=\"900\" height=\"1600\" src=\"https:\/\/reiten-am-jakobushof.de\/wp-content\/uploads\/2025\/10\/39423d5a-74dc-44f6-810e-0605bd48bc03.jpg\" class=\"attachment-full size-full wp-image-453\" alt=\"\" srcset=\"https:\/\/reiten-am-jakobushof.de\/wp-content\/uploads\/2025\/10\/39423d5a-74dc-44f6-810e-0605bd48bc03.jpg 900w, https:\/\/reiten-am-jakobushof.de\/wp-content\/uploads\/2025\/10\/39423d5a-74dc-44f6-810e-0605bd48bc03-169x300.jpg 169w, https:\/\/reiten-am-jakobushof.de\/wp-content\/uploads\/2025\/10\/39423d5a-74dc-44f6-810e-0605bd48bc03-576x1024.jpg 576w, https:\/\/reiten-am-jakobushof.de\/wp-content\/uploads\/2025\/10\/39423d5a-74dc-44f6-810e-0605bd48bc03-768x1365.jpg 768w, https:\/\/reiten-am-jakobushof.de\/wp-content\/uploads\/2025\/10\/39423d5a-74dc-44f6-810e-0605bd48bc03-864x1536.jpg 864w\" sizes=\"(max-width: 900px) 100vw, 900px\" \/>\t\t\t\t\t\t<\/div>\n\t\t\t\t\t\n\t\t\t\t\t\t\t\t\t<\/div>\n\t\t\t<\/div>\n\t\t\t\t\t<\/div>\n\t\t\t\t\t\t<\/div>\n\t\t\t\t<\/div>\n\t\t\t\t\t<\/div>\n\t\t\t\t<\/div>\n\t\t\t\t<\/div>\n\t\t","protected":false},"excerpt":{"rendered":"<p>Unsere Philosophie macht uns aus Hi, mein Name ist Nina. Seit fr\u00fchester Kindheit bin ich mit dem Reiten und der Arbeit mit Pferden verbunden &#8211; eine Leidenschaft, die sich \u00fcber viele Jahre hinweg kontinuierlich vertieft hat. Ich verf\u00fcge \u00fcber umfassende Kenntnisse im klassischen, wie auch im Westernreiten und habe unter anderem diverse Reitabzeichen, Longierabzeichen, sowie [&hellip;]<\/p>\n","protected":false},"author":1,"featured_media":0,"parent":0,"menu_order":0,"comment_status":"closed","ping_status":"closed","template":"","meta":{"footnotes":""},"class_list":["post-558","page","type-page","status-publish","hentry"],"_links":{"self":[{"href":"https:\/\/reiten-am-jakobushof.de\/index.php?rest_route=\/wp\/v2\/pages\/558","targetHints":{"allow":["GET"]}}],"collection":[{"href":"https:\/\/reiten-am-jakobushof.de\/index.php?rest_route=\/wp\/v2\/pages"}],"about":[{"href":"https:\/\/reiten-am-jakobushof.de\/index.php?rest_route=\/wp\/v2\/types\/page"}],"author":[{"embeddable":true,"href":"https:\/\/reiten-am-jakobushof.de\/index.php?rest_route=\/wp\/v2\/users\/1"}],"replies":[{"embeddable":true,"href":"https:\/\/reiten-am-jakobushof.de\/index.php?rest_route=%2Fwp%2Fv2%2Fcomments&post=558"}],"version-history":[{"count":37,"href":"https:\/\/reiten-am-jakobushof.de\/index.php?rest_route=\/wp\/v2\/pages\/558\/revisions"}],"predecessor-version":[{"id":806,"href":"https:\/\/reiten-am-jakobushof.de\/index.php?rest_route=\/wp\/v2\/pages\/558\/revisions\/806"}],"wp:attachment":[{"href":"https:\/\/reiten-am-jakobushof.de\/index.php?rest_route=%2Fwp%2Fv2%2Fmedia&parent=558"}],"curies":[{"name":"wp","href":"https:\/\/api.w.org\/{rel}","templated":true}]}}